{"id":2,"date":"2024-03-17T21:32:18","date_gmt":"2024-03-18T00:32:18","guid":{"rendered":"http:\/\/b7mix.com.br\/?page_id=2"},"modified":"2024-05-13T10:54:23","modified_gmt":"2024-05-13T13:54:23","slug":"home","status":"publish","type":"page","link":"https:\/\/b7mix.com.br\/","title":{"rendered":"Sal\u00e3o de beleza em Imbituba | B7 Mix Clube de Beleza"},"content":{"rendered":"\t\t<div data-elementor-type=\"wp-page\" data-elementor-id=\"2\" class=\"elementor elementor-2\" data-elementor-post-type=\"page\">\n\t\t\t\t<div class=\"elementor-element elementor-element-ba64ab3 e-flex e-con-boxed e-con e-parent\" data-id=\"ba64ab3\" data-element_type=\"container\" data-settings=\"{&quot;background_background&quot;:&quot;classic&quot;}\">\n\t\t\t\t\t<div class=\"e-con-inner\">\n\t\t\t\t<div class=\"elementor-element elementor-element-d8e626a elementor-widget elementor-widget-image\" data-id=\"d8e626a\" data-element_type=\"widget\" data-widget_type=\"image.default\">\n\t\t\t\t<div class=\"elementor-widget-container\">\n\t\t\t\t\t\t\t\t\t\t\t\t\t\t\t<img fetchpriority=\"high\" decoding=\"async\" width=\"500\" height=\"454\" src=\"https:\/\/b7mix.com.br\/wp-content\/uploads\/2024\/03\/LogoB7Mix.png\" class=\"attachment-large size-large wp-image-9\" alt=\"\" srcset=\"https:\/\/b7mix.com.br\/wp-content\/uploads\/2024\/03\/LogoB7Mix.png 500w, https:\/\/b7mix.com.br\/wp-content\/uploads\/2024\/03\/LogoB7Mix-300x272.png 300w\" sizes=\"(max-width: 500px) 100vw, 500px\" \/>\t\t\t\t\t\t\t\t\t\t\t\t\t\t\t<\/div>\n\t\t\t\t<\/div>\n\t\t\t\t<div class=\"elementor-element elementor-element-255f069 elementor-widget elementor-widget-heading\" data-id=\"255f069\" data-element_type=\"widget\" data-widget_type=\"heading.default\">\n\t\t\t\t<div class=\"elementor-widget-container\">\n\t\t\t\t\t<h2 class=\"elementor-heading-title elementor-size-default\">Site em manuten\u00e7\u00e3o<\/h2>\t\t\t\t<\/div>\n\t\t\t\t<\/div>\n\t\t\t\t<div class=\"elementor-element elementor-element-b099b83 elementor-widget elementor-widget-text-editor\" data-id=\"b099b83\" data-element_type=\"widget\" data-widget_type=\"text-editor.default\">\n\t\t\t\t<div class=\"elementor-widget-container\">\n\t\t\t\t\t\t\t\t\t<p>Para maiores informa\u00e7\u00f5es entre em contato em nosso whatsapp:<\/p>\t\t\t\t\t\t\t\t<\/div>\n\t\t\t\t<\/div>\n\t\t\t\t<div class=\"elementor-element elementor-element-fc27405 elementor-align-center elementor-widget elementor-widget-button\" data-id=\"fc27405\" data-element_type=\"widget\" data-widget_type=\"button.default\">\n\t\t\t\t<div class=\"elementor-widget-container\">\n\t\t\t\t\t\t\t\t\t<div class=\"elementor-button-wrapper\">\n\t\t\t\t\t<a class=\"elementor-button elementor-button-link elementor-size-sm\" href=\"https:\/\/wa.link\/0n022f\">\n\t\t\t\t\t\t<span class=\"elementor-button-content-wrapper\">\n\t\t\t\t\t\t\t\t\t<span class=\"elementor-button-text\">Entrar em contato<\/span>\n\t\t\t\t\t<\/span>\n\t\t\t\t\t<\/a>\n\t\t\t\t<\/div>\n\t\t\t\t\t\t\t\t<\/div>\n\t\t\t\t<\/div>\n\t\t\t\t\t<\/div>\n\t\t\t\t<\/div>\n\t\t\t\t<\/div>\n\t\t","protected":false},"excerpt":{"rendered":"<p>Site em manuten\u00e7\u00e3o Para maiores informa\u00e7\u00f5es entre em contato em nosso whatsapp: Entrar em contato<\/p>\n","protected":false},"author":1,"featured_media":0,"parent":0,"menu_order":0,"comment_status":"closed","ping_status":"closed","template":"elementor_canvas","meta":{"footnotes":""},"yoast_head":"<!-- This site is optimized with the Yoast SEO plugin v23.0 - https:\/\/yoast.com\/wordpress\/plugins\/seo\/ -->\n<title>Sal\u00e3o de beleza em Imbituba | B7 Mix Clube de Beleza - Sal\u00e3o de beleza em Imbituba | B7 Mix Clube de Beleza<\/title>\n<meta name=\"robots\" content=\"index, follow, max-snippet:-1, max-image-preview:large, max-video-preview:-1\" \/>\n<link rel=\"canonical\" href=\"https:\/\/b7mix.com.br\/\" \/>\n<meta property=\"og:locale\" content=\"en_US\" \/>\n<meta property=\"og:type\" content=\"article\" \/>\n<meta property=\"og:title\" content=\"Sal\u00e3o de beleza em Imbituba | B7 Mix Clube de Beleza - Sal\u00e3o de beleza em Imbituba | B7 Mix Clube de Beleza\" \/>\n<meta property=\"og:description\" content=\"Site em manuten\u00e7\u00e3o Para maiores informa\u00e7\u00f5es entre em contato em nosso whatsapp: Entrar em contato\" \/>\n<meta property=\"og:url\" content=\"https:\/\/b7mix.com.br\/\" \/>\n<meta property=\"og:site_name\" content=\"Sal\u00e3o de beleza em Imbituba | B7 Mix Clube de Beleza\" \/>\n<meta property=\"article:modified_time\" content=\"2024-05-13T13:54:23+00:00\" \/>\n<meta property=\"og:image\" content=\"https:\/\/b7mix.com.br\/wp-content\/uploads\/2024\/03\/LogoB7Mix.png\" \/>\n<meta name=\"twitter:card\" content=\"summary_large_image\" \/>\n<meta name=\"twitter:label1\" content=\"Est. reading time\" \/>\n\t<meta name=\"twitter:data1\" content=\"1 minute\" \/>\n<script type=\"application\/ld+json\" class=\"yoast-schema-graph\">{\"@context\":\"https:\/\/schema.org\",\"@graph\":[{\"@type\":\"WebPage\",\"@id\":\"https:\/\/b7mix.com.br\/\",\"url\":\"https:\/\/b7mix.com.br\/\",\"name\":\"Sal\u00e3o de beleza em Imbituba | B7 Mix Clube de Beleza - Sal\u00e3o de beleza em Imbituba | B7 Mix Clube de Beleza\",\"isPartOf\":{\"@id\":\"https:\/\/b7mix.com.br\/#website\"},\"primaryImageOfPage\":{\"@id\":\"https:\/\/b7mix.com.br\/#primaryimage\"},\"image\":{\"@id\":\"https:\/\/b7mix.com.br\/#primaryimage\"},\"thumbnailUrl\":\"https:\/\/b7mix.com.br\/wp-content\/uploads\/2024\/03\/LogoB7Mix.png\",\"datePublished\":\"2024-03-18T00:32:18+00:00\",\"dateModified\":\"2024-05-13T13:54:23+00:00\",\"breadcrumb\":{\"@id\":\"https:\/\/b7mix.com.br\/#breadcrumb\"},\"inLanguage\":\"en-US\",\"potentialAction\":[{\"@type\":\"ReadAction\",\"target\":[\"https:\/\/b7mix.com.br\/\"]}]},{\"@type\":\"ImageObject\",\"inLanguage\":\"en-US\",\"@id\":\"https:\/\/b7mix.com.br\/#primaryimage\",\"url\":\"https:\/\/b7mix.com.br\/wp-content\/uploads\/2024\/03\/LogoB7Mix.png\",\"contentUrl\":\"https:\/\/b7mix.com.br\/wp-content\/uploads\/2024\/03\/LogoB7Mix.png\",\"width\":500,\"height\":454},{\"@type\":\"BreadcrumbList\",\"@id\":\"https:\/\/b7mix.com.br\/#breadcrumb\",\"itemListElement\":[{\"@type\":\"ListItem\",\"position\":1,\"name\":\"In\u00edcio\",\"item\":\"https:\/\/b7mix.com.br\/\"},{\"@type\":\"ListItem\",\"position\":2,\"name\":\"Sal\u00e3o de beleza em Imbituba | B7 Mix Clube de Beleza\"}]},{\"@type\":\"WebSite\",\"@id\":\"https:\/\/b7mix.com.br\/#website\",\"url\":\"https:\/\/b7mix.com.br\/\",\"name\":\"Sal\u00e3o de beleza em Imbituba | B7 Mix Clube de Beleza\",\"description\":\"Se cuidar n\u00e3o \u00e9 custo \u00e9 investimento\",\"potentialAction\":[{\"@type\":\"SearchAction\",\"target\":{\"@type\":\"EntryPoint\",\"urlTemplate\":\"https:\/\/b7mix.com.br\/?s={search_term_string}\"},\"query-input\":\"required name=search_term_string\"}],\"inLanguage\":\"en-US\"}]}<\/script>\n<!-- \/ Yoast SEO plugin. -->","yoast_head_json":{"title":"Sal\u00e3o de beleza em Imbituba | B7 Mix Clube de Beleza - Sal\u00e3o de beleza em Imbituba | B7 Mix Clube de Beleza","robots":{"index":"index","follow":"follow","max-snippet":"max-snippet:-1","max-image-preview":"max-image-preview:large","max-video-preview":"max-video-preview:-1"},"canonical":"https:\/\/b7mix.com.br\/","og_locale":"en_US","og_type":"article","og_title":"Sal\u00e3o de beleza em Imbituba | B7 Mix Clube de Beleza - Sal\u00e3o de beleza em Imbituba | B7 Mix Clube de Beleza","og_description":"Site em manuten\u00e7\u00e3o Para maiores informa\u00e7\u00f5es entre em contato em nosso whatsapp: Entrar em contato","og_url":"https:\/\/b7mix.com.br\/","og_site_name":"Sal\u00e3o de beleza em Imbituba | B7 Mix Clube de Beleza","article_modified_time":"2024-05-13T13:54:23+00:00","og_image":[{"url":"https:\/\/b7mix.com.br\/wp-content\/uploads\/2024\/03\/LogoB7Mix.png"}],"twitter_card":"summary_large_image","twitter_misc":{"Est. reading time":"1 minute"},"schema":{"@context":"https:\/\/schema.org","@graph":[{"@type":"WebPage","@id":"https:\/\/b7mix.com.br\/","url":"https:\/\/b7mix.com.br\/","name":"Sal\u00e3o de beleza em Imbituba | B7 Mix Clube de Beleza - Sal\u00e3o de beleza em Imbituba | B7 Mix Clube de Beleza","isPartOf":{"@id":"https:\/\/b7mix.com.br\/#website"},"primaryImageOfPage":{"@id":"https:\/\/b7mix.com.br\/#primaryimage"},"image":{"@id":"https:\/\/b7mix.com.br\/#primaryimage"},"thumbnailUrl":"https:\/\/b7mix.com.br\/wp-content\/uploads\/2024\/03\/LogoB7Mix.png","datePublished":"2024-03-18T00:32:18+00:00","dateModified":"2024-05-13T13:54:23+00:00","breadcrumb":{"@id":"https:\/\/b7mix.com.br\/#breadcrumb"},"inLanguage":"en-US","potentialAction":[{"@type":"ReadAction","target":["https:\/\/b7mix.com.br\/"]}]},{"@type":"ImageObject","inLanguage":"en-US","@id":"https:\/\/b7mix.com.br\/#primaryimage","url":"https:\/\/b7mix.com.br\/wp-content\/uploads\/2024\/03\/LogoB7Mix.png","contentUrl":"https:\/\/b7mix.com.br\/wp-content\/uploads\/2024\/03\/LogoB7Mix.png","width":500,"height":454},{"@type":"BreadcrumbList","@id":"https:\/\/b7mix.com.br\/#breadcrumb","itemListElement":[{"@type":"ListItem","position":1,"name":"In\u00edcio","item":"https:\/\/b7mix.com.br\/"},{"@type":"ListItem","position":2,"name":"Sal\u00e3o de beleza em Imbituba | B7 Mix Clube de Beleza"}]},{"@type":"WebSite","@id":"https:\/\/b7mix.com.br\/#website","url":"https:\/\/b7mix.com.br\/","name":"Sal\u00e3o de beleza em Imbituba | B7 Mix Clube de Beleza","description":"Se cuidar n\u00e3o \u00e9 custo \u00e9 investimento","potentialAction":[{"@type":"SearchAction","target":{"@type":"EntryPoint","urlTemplate":"https:\/\/b7mix.com.br\/?s={search_term_string}"},"query-input":"required name=search_term_string"}],"inLanguage":"en-US"}]}},"_links":{"self":[{"href":"https:\/\/b7mix.com.br\/index.php?rest_route=\/wp\/v2\/pages\/2"}],"collection":[{"href":"https:\/\/b7mix.com.br\/index.php?rest_route=\/wp\/v2\/pages"}],"about":[{"href":"https:\/\/b7mix.com.br\/index.php?rest_route=\/wp\/v2\/types\/page"}],"author":[{"embeddable":true,"href":"https:\/\/b7mix.com.br\/index.php?rest_route=\/wp\/v2\/users\/1"}],"replies":[{"embeddable":true,"href":"https:\/\/b7mix.com.br\/index.php?rest_route=%2Fwp%2Fv2%2Fcomments&post=2"}],"version-history":[{"count":16,"href":"https:\/\/b7mix.com.br\/index.php?rest_route=\/wp\/v2\/pages\/2\/revisions"}],"predecessor-version":[{"id":39,"href":"https:\/\/b7mix.com.br\/index.php?rest_route=\/wp\/v2\/pages\/2\/revisions\/39"}],"wp:attachment":[{"href":"https:\/\/b7mix.com.br\/index.php?rest_route=%2Fwp%2Fv2%2Fmedia&parent=2"}],"curies":[{"name":"wp","href":"https:\/\/api.w.org\/{rel}","templated":true}]}}